{"id":383,"date":"2026-03-09T07:02:29","date_gmt":"2026-03-09T07:02:29","guid":{"rendered":"http:\/\/ikarusalkatresz.hu\/?page_id=383"},"modified":"2026-04-17T07:16:34","modified_gmt":"2026-04-17T07:16:34","slug":"karosszeria-lakatolas","status":"publish","type":"page","link":"http:\/\/ikarusalkatresz.hu\/?page_id=383","title":{"rendered":"Karossz\u00e9ria \u00e9s m\u0171anyag jav\u00edt\u00e1s"},"content":{"rendered":"\t\t<div data-elementor-type=\"wp-page\" data-elementor-id=\"383\" class=\"elementor elementor-383\">\n\t\t\t\t<div class=\"elementor-element elementor-element-7b1be7c e-flex e-con-boxed e-con e-parent\" data-id=\"7b1be7c\" data-element_type=\"container\" data-e-type=\"container\">\n\t\t\t\t\t<div class=\"e-con-inner\">\n\t\t\t\t<div class=\"elementor-element elementor-element-669b0c5 elementor-arrows-position-inside elementor-pagination-position-outside elementor-widget elementor-widget-image-carousel\" data-id=\"669b0c5\" data-element_type=\"widget\" data-e-type=\"widget\" data-settings=\"{&quot;slides_to_show&quot;:&quot;2&quot;,&quot;navigation&quot;:&quot;both&quot;,&quot;autoplay&quot;:&quot;yes&quot;,&quot;pause_on_hover&quot;:&quot;yes&quot;,&quot;pause_on_interaction&quot;:&quot;yes&quot;,&quot;autoplay_speed&quot;:5000,&quot;infinite&quot;:&quot;yes&quot;,&quot;speed&quot;:500}\" data-widget_type=\"image-carousel.default\">\n\t\t\t\t\t\t\t<div class=\"elementor-image-carousel-wrapper swiper\" role=\"region\" aria-roledescription=\"carousel\" aria-label=\"K\u00e9p k\u00f6rhinta\" dir=\"ltr\">\n\t\t\t<div class=\"elementor-image-carousel swiper-wrapper\" aria-live=\"off\">\n\t\t\t\t\t\t\t\t<div class=\"swiper-slide\" role=\"group\" aria-roledescription=\"slide\" aria-label=\"1 \/ 14\"><figure class=\"swiper-slide-inner\"><img decoding=\"async\" class=\"swiper-slide-image\" src=\"http:\/\/ikarusalkatresz.hu\/wp-content\/uploads\/IMG_20260309_151234.jpg\" alt=\"IMG_20260309_151234\" \/><\/figure><\/div><div class=\"swiper-slide\" role=\"group\" aria-roledescription=\"slide\" aria-label=\"2 \/ 14\"><figure class=\"swiper-slide-inner\"><img decoding=\"async\" class=\"swiper-slide-image\" src=\"http:\/\/ikarusalkatresz.hu\/wp-content\/uploads\/IMG_20260309_160531.jpg\" alt=\"IMG_20260309_160531\" \/><\/figure><\/div><div class=\"swiper-slide\" role=\"group\" aria-roledescription=\"slide\" aria-label=\"3 \/ 14\"><figure class=\"swiper-slide-inner\"><img decoding=\"async\" class=\"swiper-slide-image\" src=\"http:\/\/ikarusalkatresz.hu\/wp-content\/uploads\/IMG_20260309_160509.jpg\" alt=\"IMG_20260309_160509\" \/><\/figure><\/div><div class=\"swiper-slide\" role=\"group\" aria-roledescription=\"slide\" aria-label=\"4 \/ 14\"><figure class=\"swiper-slide-inner\"><img decoding=\"async\" class=\"swiper-slide-image\" src=\"http:\/\/ikarusalkatresz.hu\/wp-content\/uploads\/20240821_174058.jpg\" alt=\"20240821_174058\" \/><\/figure><\/div><div class=\"swiper-slide\" role=\"group\" aria-roledescription=\"slide\" aria-label=\"5 \/ 14\"><figure class=\"swiper-slide-inner\"><img decoding=\"async\" class=\"swiper-slide-image\" src=\"http:\/\/ikarusalkatresz.hu\/wp-content\/uploads\/20240824_180258.jpg\" alt=\"20240824_180258\" \/><\/figure><\/div><div class=\"swiper-slide\" role=\"group\" aria-roledescription=\"slide\" aria-label=\"6 \/ 14\"><figure class=\"swiper-slide-inner\"><img decoding=\"async\" class=\"swiper-slide-image\" src=\"http:\/\/ikarusalkatresz.hu\/wp-content\/uploads\/20240914_124537.jpg\" alt=\"20240914_124537\" \/><\/figure><\/div><div class=\"swiper-slide\" role=\"group\" aria-roledescription=\"slide\" aria-label=\"7 \/ 14\"><figure class=\"swiper-slide-inner\"><img decoding=\"async\" class=\"swiper-slide-image\" src=\"http:\/\/ikarusalkatresz.hu\/wp-content\/uploads\/20250412_173201.jpg\" alt=\"20250412_173201\" \/><\/figure><\/div><div class=\"swiper-slide\" role=\"group\" aria-roledescription=\"slide\" aria-label=\"8 \/ 14\"><figure class=\"swiper-slide-inner\"><img decoding=\"async\" class=\"swiper-slide-image\" src=\"http:\/\/ikarusalkatresz.hu\/wp-content\/uploads\/20250610_130645.jpg\" alt=\"20250610_130645\" \/><\/figure><\/div><div class=\"swiper-slide\" role=\"group\" aria-roledescription=\"slide\" aria-label=\"9 \/ 14\"><figure class=\"swiper-slide-inner\"><img decoding=\"async\" class=\"swiper-slide-image\" src=\"http:\/\/ikarusalkatresz.hu\/wp-content\/uploads\/20250619_154858.jpg\" alt=\"20250619_154858\" \/><\/figure><\/div><div class=\"swiper-slide\" role=\"group\" aria-roledescription=\"slide\" aria-label=\"10 \/ 14\"><figure class=\"swiper-slide-inner\"><img decoding=\"async\" class=\"swiper-slide-image\" src=\"http:\/\/ikarusalkatresz.hu\/wp-content\/uploads\/20230617_135121.jpg\" alt=\"20230617_135121\" \/><\/figure><\/div><div class=\"swiper-slide\" role=\"group\" aria-roledescription=\"slide\" aria-label=\"11 \/ 14\"><figure class=\"swiper-slide-inner\"><img decoding=\"async\" class=\"swiper-slide-image\" src=\"http:\/\/ikarusalkatresz.hu\/wp-content\/uploads\/20230617_135144.jpg\" alt=\"20230617_135144\" \/><\/figure><\/div><div class=\"swiper-slide\" role=\"group\" aria-roledescription=\"slide\" aria-label=\"12 \/ 14\"><figure class=\"swiper-slide-inner\"><img decoding=\"async\" class=\"swiper-slide-image\" src=\"http:\/\/ikarusalkatresz.hu\/wp-content\/uploads\/20230905_180511.jpg\" alt=\"20230905_180511\" \/><\/figure><\/div><div class=\"swiper-slide\" role=\"group\" aria-roledescription=\"slide\" aria-label=\"13 \/ 14\"><figure class=\"swiper-slide-inner\"><img decoding=\"async\" class=\"swiper-slide-image\" src=\"http:\/\/ikarusalkatresz.hu\/wp-content\/uploads\/20240413_131042.jpg\" alt=\"20240413_131042\" \/><\/figure><\/div><div class=\"swiper-slide\" role=\"group\" aria-roledescription=\"slide\" aria-label=\"14 \/ 14\"><figure class=\"swiper-slide-inner\"><img decoding=\"async\" class=\"swiper-slide-image\" src=\"http:\/\/ikarusalkatresz.hu\/wp-content\/uploads\/20240413_140327.jpg\" alt=\"20240413_140327\" \/><\/figure><\/div>\t\t\t<\/div>\n\t\t\t\t\t\t\t\t\t\t\t\t<div class=\"elementor-swiper-button elementor-swiper-button-prev\" role=\"button\" tabindex=\"0\">\n\t\t\t\t\t\t<svg aria-hidden=\"true\" class=\"e-font-icon-svg e-eicon-chevron-left\" viewBox=\"0 0 1000 1000\" xmlns=\"http:\/\/www.w3.org\/2000\/svg\"><path d=\"M646 125C629 125 613 133 604 142L308 442C296 454 292 471 292 487 292 504 296 521 308 533L604 854C617 867 629 875 646 875 663 875 679 871 692 858 704 846 713 829 713 812 713 796 708 779 692 767L438 487 692 225C700 217 708 204 708 187 708 171 704 154 692 142 675 129 663 125 646 125Z\"><\/path><\/svg>\t\t\t\t\t<\/div>\n\t\t\t\t\t<div class=\"elementor-swiper-button elementor-swiper-button-next\" role=\"button\" tabindex=\"0\">\n\t\t\t\t\t\t<svg aria-hidden=\"true\" class=\"e-font-icon-svg e-eicon-chevron-right\" viewBox=\"0 0 1000 1000\" xmlns=\"http:\/\/www.w3.org\/2000\/svg\"><path d=\"M696 533C708 521 713 504 713 487 713 471 708 454 696 446L400 146C388 133 375 125 354 125 338 125 325 129 313 142 300 154 292 171 292 187 292 204 296 221 308 233L563 492 304 771C292 783 288 800 288 817 288 833 296 850 308 863 321 871 338 875 354 875 371 875 388 867 400 854L696 533Z\"><\/path><\/svg>\t\t\t\t\t<\/div>\n\t\t\t\t\n\t\t\t\t\t\t\t\t\t<div class=\"swiper-pagination\"><\/div>\n\t\t\t\t\t\t\t\t\t<\/div>\n\t\t\t\t\t\t<\/div>\n\t\t\t\t\t<\/div>\n\t\t\t\t<\/div>\n\t\t<div class=\"elementor-element elementor-element-5548d34 e-flex e-con-boxed e-con e-parent\" data-id=\"5548d34\" data-element_type=\"container\" data-e-type=\"container\">\n\t\t\t\t\t<div class=\"e-con-inner\">\n\t\t\t\t<div class=\"elementor-element elementor-element-3585df8 elementor-widget elementor-widget-text-editor\" data-id=\"3585df8\" data-element_type=\"widget\" data-e-type=\"widget\" data-widget_type=\"text-editor.default\">\n\t\t\t\t\t\t\t\t\t<h2 data-section-id=\"1ugchsi\" data-start=\"236\" data-end=\"280\"><strong>Busz karossz\u00e9ria lakatol\u00e1s \u00e9s m\u0171anyag jav\u00edt\u00e1s<\/strong><\/h2><h3 data-start=\"282\" data-end=\"374\"><strong data-start=\"282\" data-end=\"374\">Busz karossz\u00e9ria jav\u00edt\u00e1s \u2013 Szakszer\u0171 aut\u00f3busz lakatos munk\u00e1k \u00e9s m\u0171anyag elemek jav\u00edt\u00e1sa<\/strong><\/h3><p data-start=\"652\" data-end=\"1041\">Legyen sz\u00f3 kisebb s\u00e9r\u00fcl\u00e9sekr\u0151l, korr\u00f3zi\u00f3 okozta probl\u00e9m\u00e1kr\u00f3l vagy komolyabb karossz\u00e9ria s\u00e9r\u00fcl\u00e9sekr\u0151l, szerviz\u00fcnkben minden Ikarus <strong data-start=\"775\" data-end=\"808\">aut\u00f3busz karossz\u00e9ria jav\u00edt\u00e1st<\/strong> szakszer\u0171en v\u00e1llalunk \u00e9s gyors hat\u00e1rid\u0151vel v\u00e9gz\u00fcnk el. A s\u00e9r\u00fclt m\u0171anyag elemek \u2013 p\u00e9ld\u00e1ul l\u00f6kh\u00e1r\u00edt\u00f3k, burkolatok vagy egy\u00e9b karossz\u00e9ria alkatr\u00e9szek \u2013 jav\u00edt\u00e1s\u00e1t \u00e9s restaur\u00e1l\u00e1s\u00e1t is v\u00e1llaljuk, \u00edgy sok esetben elker\u00fclhet\u0151 a teljes alkatr\u00e9szcsere.<\/p><p data-start=\"1043\" data-end=\"1141\">C\u00e9lunk, hogy az aut\u00f3buszok a jav\u00edt\u00e1s ut\u00e1n <strong data-start=\"1083\" data-end=\"1140\">r\u00e9gi f\u00e9ny\u00fckben mutatkozzanak<\/strong>.<\/p><p data-start=\"1351\" data-end=\"1372\"><strong data-start=\"1351\" data-end=\"1372\">Szolg\u00e1ltat\u00e1saink:<\/strong><\/p><ul data-start=\"1374\" data-end=\"1638\"><li data-section-id=\"15je8ou\" data-start=\"1374\" data-end=\"1402\"><p data-start=\"1376\" data-end=\"1402\">Busz karossz\u00e9ria jav\u00edt\u00e1s<\/p><\/li><li data-section-id=\"7t47mq\" data-start=\"1431\" data-end=\"1469\"><p data-start=\"1433\" data-end=\"1469\">S\u00e9r\u00fclt karossz\u00e9ria elemek jav\u00edt\u00e1sa<\/p><\/li><li data-section-id=\"6eouca\" data-start=\"1470\" data-end=\"1523\"><p data-start=\"1472\" data-end=\"1523\">Korr\u00f3zi\u00f3 jav\u00edt\u00e1s \u00e9s rozsd\u00e1s elemek helyre\u00e1ll\u00edt\u00e1sa<\/p><\/li><li data-section-id=\"1fg84l4\" data-start=\"1524\" data-end=\"1554\"><p data-start=\"1526\" data-end=\"1554\">Karossz\u00e9ria elemek cser\u00e9je<\/p><\/li><li data-section-id=\"vx41uq\" data-start=\"1555\" data-end=\"1594\"><p data-start=\"1557\" data-end=\"1594\">M\u0171anyag karossz\u00e9ria elemek jav\u00edt\u00e1sa<\/p><\/li><\/ul><p data-start=\"1640\" data-end=\"1794\">Ha aut\u00f3busza <strong data-start=\"1653\" data-end=\"1699\">karossz\u00e9ria jav\u00edt\u00e1sra vagy lakatos munk\u00e1ra<\/strong> szorul, forduljon hozz\u00e1nk bizalommal \u2013 seg\u00edt\u00fcnk j\u00e1rm\u0171ve eredeti \u00e1llapot\u00e1nak vissza\u00e1ll\u00edt\u00e1s\u00e1ban.<\/p>\t\t\t\t\t\t\t\t<\/div>\n\t\t\t\t\t<\/div>\n\t\t\t\t<\/div>\n\t\t<div class=\"elementor-element elementor-element-c0d2925 e-flex e-con-boxed e-con e-parent\" data-id=\"c0d2925\" data-element_type=\"container\" data-e-type=\"container\">\n\t\t\t\t\t<div class=\"e-con-inner\">\n\t\t\t\t<div class=\"elementor-element elementor-element-f3f3cb9 elementor-arrows-position-inside elementor-pagination-position-outside elementor-widget elementor-widget-image-carousel\" data-id=\"f3f3cb9\" data-element_type=\"widget\" data-e-type=\"widget\" data-settings=\"{&quot;slides_to_show&quot;:&quot;2&quot;,&quot;navigation&quot;:&quot;both&quot;,&quot;autoplay&quot;:&quot;yes&quot;,&quot;pause_on_hover&quot;:&quot;yes&quot;,&quot;pause_on_interaction&quot;:&quot;yes&quot;,&quot;autoplay_speed&quot;:5000,&quot;infinite&quot;:&quot;yes&quot;,&quot;speed&quot;:500}\" data-widget_type=\"image-carousel.default\">\n\t\t\t\t\t\t\t<div class=\"elementor-image-carousel-wrapper swiper\" role=\"region\" aria-roledescription=\"carousel\" aria-label=\"K\u00e9p k\u00f6rhinta\" dir=\"ltr\">\n\t\t\t<div class=\"elementor-image-carousel swiper-wrapper\" aria-live=\"off\">\n\t\t\t\t\t\t\t\t<div class=\"swiper-slide\" role=\"group\" aria-roledescription=\"slide\" aria-label=\"1 \/ 5\"><figure class=\"swiper-slide-inner\"><img decoding=\"async\" class=\"swiper-slide-image\" src=\"http:\/\/ikarusalkatresz.hu\/wp-content\/uploads\/20230619_165445.jpg\" alt=\"20230619_165445\" \/><\/figure><\/div><div class=\"swiper-slide\" role=\"group\" aria-roledescription=\"slide\" aria-label=\"2 \/ 5\"><figure class=\"swiper-slide-inner\"><img decoding=\"async\" class=\"swiper-slide-image\" src=\"http:\/\/ikarusalkatresz.hu\/wp-content\/uploads\/20230905_180438.jpg\" alt=\"20230905_180438\" \/><\/figure><\/div><div class=\"swiper-slide\" role=\"group\" aria-roledescription=\"slide\" aria-label=\"3 \/ 5\"><figure class=\"swiper-slide-inner\"><img decoding=\"async\" class=\"swiper-slide-image\" src=\"http:\/\/ikarusalkatresz.hu\/wp-content\/uploads\/20231019_165508.jpg\" alt=\"20231019_165508\" \/><\/figure><\/div><div class=\"swiper-slide\" role=\"group\" aria-roledescription=\"slide\" aria-label=\"4 \/ 5\"><figure class=\"swiper-slide-inner\"><img decoding=\"async\" class=\"swiper-slide-image\" src=\"http:\/\/ikarusalkatresz.hu\/wp-content\/uploads\/20240810_115114.jpg\" alt=\"20240810_115114\" \/><\/figure><\/div><div class=\"swiper-slide\" role=\"group\" aria-roledescription=\"slide\" aria-label=\"5 \/ 5\"><figure class=\"swiper-slide-inner\"><img decoding=\"async\" class=\"swiper-slide-image\" src=\"http:\/\/ikarusalkatresz.hu\/wp-content\/uploads\/20240914_124537.jpg\" alt=\"20240914_124537\" \/><\/figure><\/div>\t\t\t<\/div>\n\t\t\t\t\t\t\t\t\t\t\t\t<div class=\"elementor-swiper-button elementor-swiper-button-prev\" role=\"button\" tabindex=\"0\">\n\t\t\t\t\t\t<svg aria-hidden=\"true\" class=\"e-font-icon-svg e-eicon-chevron-left\" viewBox=\"0 0 1000 1000\" xmlns=\"http:\/\/www.w3.org\/2000\/svg\"><path d=\"M646 125C629 125 613 133 604 142L308 442C296 454 292 471 292 487 292 504 296 521 308 533L604 854C617 867 629 875 646 875 663 875 679 871 692 858 704 846 713 829 713 812 713 796 708 779 692 767L438 487 692 225C700 217 708 204 708 187 708 171 704 154 692 142 675 129 663 125 646 125Z\"><\/path><\/svg>\t\t\t\t\t<\/div>\n\t\t\t\t\t<div class=\"elementor-swiper-button elementor-swiper-button-next\" role=\"button\" tabindex=\"0\">\n\t\t\t\t\t\t<svg aria-hidden=\"true\" class=\"e-font-icon-svg e-eicon-chevron-right\" viewBox=\"0 0 1000 1000\" xmlns=\"http:\/\/www.w3.org\/2000\/svg\"><path d=\"M696 533C708 521 713 504 713 487 713 471 708 454 696 446L400 146C388 133 375 125 354 125 338 125 325 129 313 142 300 154 292 171 292 187 292 204 296 221 308 233L563 492 304 771C292 783 288 800 288 817 288 833 296 850 308 863 321 871 338 875 354 875 371 875 388 867 400 854L696 533Z\"><\/path><\/svg>\t\t\t\t\t<\/div>\n\t\t\t\t\n\t\t\t\t\t\t\t\t\t<div class=\"swiper-pagination\"><\/div>\n\t\t\t\t\t\t\t\t\t<\/div>\n\t\t\t\t\t\t<\/div>\n\t\t\t\t\t<\/div>\n\t\t\t\t<\/div>\n\t\t<div class=\"elementor-element elementor-element-8e8e92a e-flex e-con-boxed e-con e-parent\" data-id=\"8e8e92a\" data-element_type=\"container\" data-e-type=\"container\">\n\t\t\t\t\t<div class=\"e-con-inner\">\n\t\t\t\t<div class=\"elementor-element elementor-element-7985d42 elementor-widget elementor-widget-text-editor\" data-id=\"7985d42\" data-element_type=\"widget\" data-e-type=\"widget\" data-widget_type=\"text-editor.default\">\n\t\t\t\t\t\t\t\t\t<h2 data-section-id=\"1ynfi5w\" data-start=\"1801\" data-end=\"1845\"><strong>Busz szerel\u00e9s \u00e9s villamoss\u00e1gi jav\u00edt\u00e1sok<\/strong><\/h2><p data-start=\"1923\" data-end=\"2157\">Szerviz\u00fcnk v\u00e1llalja <strong data-start=\"1943\" data-end=\"2017\">aut\u00f3buszok teljes k\u00f6r\u0171 mechanikai \u00e9s villamoss\u00e1gi jav\u00edt\u00e1s\u00e1t<\/strong>. Tapasztalt szerel\u0151ink gyors \u00e9s szakszer\u0171 hibakeres\u00e9ssel seg\u00edtenek abban, hogy a busz a lehet\u0151 legr\u00f6videbb id\u0151 alatt \u00fajra \u00fczemk\u00e9pes legyen.<\/p><p data-start=\"2159\" data-end=\"2359\">Legyen sz\u00f3 elektromos hib\u00e1r\u00f3l, ind\u00edt\u00e1si probl\u00e9m\u00e1r\u00f3l vagy egy\u00e9b m\u0171szaki meghib\u00e1sod\u00e1sr\u00f3l, minden <strong data-start=\"2254\" data-end=\"2306\">busz villamoss\u00e1gi jav\u00edt\u00e1st \u00e9s aut\u00f3busz szerel\u00e9st<\/strong> korszer\u0171 eszk\u00f6z\u00f6kkel \u00e9s nagy szak\u00e9rtelemmel v\u00e9gz\u00fcnk.<\/p><p data-start=\"2581\" data-end=\"2602\"><strong data-start=\"2581\" data-end=\"2602\">Szolg\u00e1ltat\u00e1saink:<\/strong><\/p><ul data-start=\"2604\" data-end=\"2855\"><li data-section-id=\"1clsjrc\" data-start=\"2604\" data-end=\"2625\"><p data-start=\"2606\" data-end=\"2625\">Aut\u00f3busz szerel\u00e9s<\/p><\/li><li data-section-id=\"15tl9df\" data-start=\"2626\" data-end=\"2655\"><p data-start=\"2628\" data-end=\"2655\">Busz villamoss\u00e1gi jav\u00edt\u00e1s<\/p><\/li><\/ul>\t\t\t\t\t\t\t\t<\/div>\n\t\t\t\t\t<\/div>\n\t\t\t\t<\/div>\n\t\t\t\t<\/div>\n\t\t","protected":false},"excerpt":{"rendered":"<p>Busz karossz\u00e9ria lakatol\u00e1s \u00e9s m\u0171anyag jav\u00edt\u00e1s Busz karossz\u00e9ria jav\u00edt\u00e1s \u2013 Szakszer\u0171 aut\u00f3busz lakatos munk\u00e1k \u00e9s m\u0171anyag elemek jav\u00edt\u00e1sa Legyen sz\u00f3 kisebb s\u00e9r\u00fcl\u00e9sekr\u0151l, korr\u00f3zi\u00f3 okozta probl\u00e9m\u00e1kr\u00f3l vagy komolyabb karossz\u00e9ria s\u00e9r\u00fcl\u00e9sekr\u0151l, szerviz\u00fcnkben minden Ikarus aut\u00f3busz karossz\u00e9ria jav\u00edt\u00e1st szakszer\u0171en v\u00e1llalunk \u00e9s gyors hat\u00e1rid\u0151vel v\u00e9gz\u00fcnk el. A s\u00e9r\u00fclt m\u0171anyag elemek \u2013 p\u00e9ld\u00e1ul l\u00f6kh\u00e1r\u00edt\u00f3k, burkolatok vagy egy\u00e9b karossz\u00e9ria alkatr\u00e9szek \u2013 [&hellip;]<\/p>\n","protected":false},"author":1,"featured_media":0,"parent":0,"menu_order":0,"comment_status":"closed","ping_status":"closed","template":"template-fullwidth.php","meta":{"footnotes":""},"class_list":["post-383","page","type-page","status-publish","hentry"],"_links":{"self":[{"href":"http:\/\/ikarusalkatresz.hu\/index.php?rest_route=\/wp\/v2\/pages\/383","targetHints":{"allow":["GET"]}}],"collection":[{"href":"http:\/\/ikarusalkatresz.hu\/index.php?rest_route=\/wp\/v2\/pages"}],"about":[{"href":"http:\/\/ikarusalkatresz.hu\/index.php?rest_route=\/wp\/v2\/types\/page"}],"author":[{"embeddable":true,"href":"http:\/\/ikarusalkatresz.hu\/index.php?rest_route=\/wp\/v2\/users\/1"}],"replies":[{"embeddable":true,"href":"http:\/\/ikarusalkatresz.hu\/index.php?rest_route=%2Fwp%2Fv2%2Fcomments&post=383"}],"version-history":[{"count":80,"href":"http:\/\/ikarusalkatresz.hu\/index.php?rest_route=\/wp\/v2\/pages\/383\/revisions"}],"predecessor-version":[{"id":866,"href":"http:\/\/ikarusalkatresz.hu\/index.php?rest_route=\/wp\/v2\/pages\/383\/revisions\/866"}],"wp:attachment":[{"href":"http:\/\/ikarusalkatresz.hu\/index.php?rest_route=%2Fwp%2Fv2%2Fmedia&parent=383"}],"curies":[{"name":"wp","href":"https:\/\/api.w.org\/{rel}","templated":true}]}}