{"id":380,"date":"2026-03-09T07:00:31","date_gmt":"2026-03-09T07:00:31","guid":{"rendered":"http:\/\/ikarusalkatresz.hu\/?page_id=380"},"modified":"2026-04-17T07:14:48","modified_gmt":"2026-04-17T07:14:48","slug":"vontatas","status":"publish","type":"page","link":"http:\/\/ikarusalkatresz.hu\/?page_id=380","title":{"rendered":"Vontat\u00e1s"},"content":{"rendered":"\t\t<div data-elementor-type=\"wp-page\" data-elementor-id=\"380\" class=\"elementor elementor-380\">\n\t\t\t\t<div class=\"elementor-element elementor-element-ec0640f e-flex e-con-boxed e-con e-parent\" data-id=\"ec0640f\" data-element_type=\"container\" data-e-type=\"container\">\n\t\t\t\t\t<div class=\"e-con-inner\">\n\t\t\t\t<div class=\"elementor-element elementor-element-4bcd389 elementor-widget elementor-widget-text-editor\" data-id=\"4bcd389\" data-element_type=\"widget\" data-e-type=\"widget\" data-widget_type=\"text-editor.default\">\n\t\t\t\t\t\t\t\t\t<h2><strong>Busz vontat\u00e1s \u2013 Gyors \u00e9s szakszer\u0171 seg\u00edts\u00e9g<\/strong><\/h2><p class=\"isSelectedEnd\">C\u00e9g\u00fcnk professzion\u00e1lis buszvontat\u00e1si szolg\u00e1ltat\u00e1st k\u00edn\u00e1l. Aut\u00f3buszok sz\u00e1ll\u00edt\u00e1s\u00e1ra \u00e9s vontat\u00e1s\u00e1ra kialak\u00edtott teheraut\u00f3inkkal v\u00e1llaljuk meghib\u00e1sodott, s\u00e9r\u00fclt vagy \u00fczemk\u00e9ptelen buszok biztons\u00e1gos elsz\u00e1ll\u00edt\u00e1s\u00e1t.<\/p><p class=\"isSelectedEnd\">Tapasztalt csapatunk tiszt\u00e1ban van az aut\u00f3buszok speci\u00e1lis m\u0171szaki saj\u00e1toss\u00e1gaival, ez\u00e9rt minden esetben a megfelel\u0151 r\u00f6gz\u00edt\u00e9si \u00e9s vontat\u00e1si technol\u00f3gi\u00e1t alkalmazzuk. Legyen sz\u00f3 m\u0171szaki meghib\u00e1sod\u00e1sr\u00f3l, telephelyek k\u00f6z\u00f6tti sz\u00e1ll\u00edt\u00e1sr\u00f3l vagy ak\u00e1r hosszabb t\u00e1v\u00fa fuvarr\u00f3l, sz\u00e1m\u00edthat r\u00e1nk.<\/p><p class=\"isSelectedEnd\">Szolg\u00e1ltat\u00e1sunk ide\u00e1lis buszt\u00e1rsas\u00e1gok, k\u00f6zleked\u00e9si v\u00e1llalatok, szervizek \u00e9s flottakezel\u0151k, de ak\u00e1r mag\u00e1nszem\u00e9lyek sz\u00e1m\u00e1ra is akik gyors \u00e9s megb\u00edzhat\u00f3 megold\u00e1st keresnek j\u00e1rm\u0171veik mozgat\u00e1s\u00e1ra.<\/p><p>Ha aut\u00f3busz\u00e1nak sz\u00e1ll\u00edt\u00e1sra vagy vontat\u00e1sra van sz\u00fcks\u00e9ge, vegye fel vel\u00fcnk a kapcsolatot, \u00e9s seg\u00edt\u00fcnk megtal\u00e1lni a leggyorsabb megold\u00e1st.<\/p>\t\t\t\t\t\t\t\t<\/div>\n\t\t\t\t\t<\/div>\n\t\t\t\t<\/div>\n\t\t<div class=\"elementor-element elementor-element-22f0b62 e-flex e-con-boxed e-con e-parent\" data-id=\"22f0b62\" data-element_type=\"container\" data-e-type=\"container\">\n\t\t\t\t\t<div class=\"e-con-inner\">\n\t\t\t\t<div class=\"elementor-element elementor-element-bb8fa76 elementor-arrows-position-inside elementor-pagination-position-outside elementor-widget elementor-widget-image-carousel\" data-id=\"bb8fa76\" data-element_type=\"widget\" data-e-type=\"widget\" data-settings=\"{&quot;slides_to_show&quot;:&quot;2&quot;,&quot;navigation&quot;:&quot;both&quot;,&quot;autoplay&quot;:&quot;yes&quot;,&quot;pause_on_hover&quot;:&quot;yes&quot;,&quot;pause_on_interaction&quot;:&quot;yes&quot;,&quot;autoplay_speed&quot;:5000,&quot;infinite&quot;:&quot;yes&quot;,&quot;speed&quot;:500}\" data-widget_type=\"image-carousel.default\">\n\t\t\t\t\t\t\t<div class=\"elementor-image-carousel-wrapper swiper\" role=\"region\" aria-roledescription=\"carousel\" aria-label=\"K\u00e9p k\u00f6rhinta\" dir=\"ltr\">\n\t\t\t<div class=\"elementor-image-carousel swiper-wrapper\" aria-live=\"off\">\n\t\t\t\t\t\t\t\t<div class=\"swiper-slide\" role=\"group\" aria-roledescription=\"slide\" aria-label=\"1 \/ 11\"><figure class=\"swiper-slide-inner\"><img decoding=\"async\" class=\"swiper-slide-image\" src=\"http:\/\/ikarusalkatresz.hu\/wp-content\/uploads\/20240314_144129.jpg\" alt=\"20240314_144129\" \/><\/figure><\/div><div class=\"swiper-slide\" role=\"group\" aria-roledescription=\"slide\" aria-label=\"2 \/ 11\"><figure class=\"swiper-slide-inner\"><img decoding=\"async\" class=\"swiper-slide-image\" src=\"http:\/\/ikarusalkatresz.hu\/wp-content\/uploads\/20240605_095842.jpg\" alt=\"20240605_095842\" \/><\/figure><\/div><div class=\"swiper-slide\" role=\"group\" aria-roledescription=\"slide\" aria-label=\"3 \/ 11\"><figure class=\"swiper-slide-inner\"><img decoding=\"async\" class=\"swiper-slide-image\" src=\"http:\/\/ikarusalkatresz.hu\/wp-content\/uploads\/20240605_104634.jpg\" alt=\"20240605_104634\" \/><\/figure><\/div><div class=\"swiper-slide\" role=\"group\" aria-roledescription=\"slide\" aria-label=\"4 \/ 11\"><figure class=\"swiper-slide-inner\"><img decoding=\"async\" class=\"swiper-slide-image\" src=\"http:\/\/ikarusalkatresz.hu\/wp-content\/uploads\/20240729_153048.jpg\" alt=\"20240729_153048\" \/><\/figure><\/div><div class=\"swiper-slide\" role=\"group\" aria-roledescription=\"slide\" aria-label=\"5 \/ 11\"><figure class=\"swiper-slide-inner\"><img decoding=\"async\" class=\"swiper-slide-image\" src=\"http:\/\/ikarusalkatresz.hu\/wp-content\/uploads\/20241024_173956.jpg\" alt=\"20241024_173956\" \/><\/figure><\/div><div class=\"swiper-slide\" role=\"group\" aria-roledescription=\"slide\" aria-label=\"6 \/ 11\"><figure class=\"swiper-slide-inner\"><img decoding=\"async\" class=\"swiper-slide-image\" src=\"http:\/\/ikarusalkatresz.hu\/wp-content\/uploads\/20241230_143609.jpg\" alt=\"20241230_143609\" \/><\/figure><\/div><div class=\"swiper-slide\" role=\"group\" aria-roledescription=\"slide\" aria-label=\"7 \/ 11\"><figure class=\"swiper-slide-inner\"><img decoding=\"async\" class=\"swiper-slide-image\" src=\"http:\/\/ikarusalkatresz.hu\/wp-content\/uploads\/20250612_135814.jpg\" alt=\"20250612_135814\" \/><\/figure><\/div><div class=\"swiper-slide\" role=\"group\" aria-roledescription=\"slide\" aria-label=\"8 \/ 11\"><figure class=\"swiper-slide-inner\"><img decoding=\"async\" class=\"swiper-slide-image\" src=\"http:\/\/ikarusalkatresz.hu\/wp-content\/uploads\/20250612_153847.jpg\" alt=\"20250612_153847\" \/><\/figure><\/div><div class=\"swiper-slide\" role=\"group\" aria-roledescription=\"slide\" aria-label=\"9 \/ 11\"><figure class=\"swiper-slide-inner\"><img decoding=\"async\" class=\"swiper-slide-image\" src=\"http:\/\/ikarusalkatresz.hu\/wp-content\/uploads\/20250731_112036.jpg\" alt=\"20250731_112036\" \/><\/figure><\/div><div class=\"swiper-slide\" role=\"group\" aria-roledescription=\"slide\" aria-label=\"10 \/ 11\"><figure class=\"swiper-slide-inner\"><img decoding=\"async\" class=\"swiper-slide-image\" src=\"http:\/\/ikarusalkatresz.hu\/wp-content\/uploads\/20250801_112254.jpg\" alt=\"20250801_112254\" \/><\/figure><\/div><div class=\"swiper-slide\" role=\"group\" aria-roledescription=\"slide\" aria-label=\"11 \/ 11\"><figure class=\"swiper-slide-inner\"><img decoding=\"async\" class=\"swiper-slide-image\" src=\"http:\/\/ikarusalkatresz.hu\/wp-content\/uploads\/IMG_20251030_134445v2.jpg\" alt=\"IMG_20251030_134445v2\" \/><\/figure><\/div>\t\t\t<\/div>\n\t\t\t\t\t\t\t\t\t\t\t\t<div class=\"elementor-swiper-button elementor-swiper-button-prev\" role=\"button\" tabindex=\"0\">\n\t\t\t\t\t\t<svg aria-hidden=\"true\" class=\"e-font-icon-svg e-eicon-chevron-left\" viewBox=\"0 0 1000 1000\" xmlns=\"http:\/\/www.w3.org\/2000\/svg\"><path d=\"M646 125C629 125 613 133 604 142L308 442C296 454 292 471 292 487 292 504 296 521 308 533L604 854C617 867 629 875 646 875 663 875 679 871 692 858 704 846 713 829 713 812 713 796 708 779 692 767L438 487 692 225C700 217 708 204 708 187 708 171 704 154 692 142 675 129 663 125 646 125Z\"><\/path><\/svg>\t\t\t\t\t<\/div>\n\t\t\t\t\t<div class=\"elementor-swiper-button elementor-swiper-button-next\" role=\"button\" tabindex=\"0\">\n\t\t\t\t\t\t<svg aria-hidden=\"true\" class=\"e-font-icon-svg e-eicon-chevron-right\" viewBox=\"0 0 1000 1000\" xmlns=\"http:\/\/www.w3.org\/2000\/svg\"><path d=\"M696 533C708 521 713 504 713 487 713 471 708 454 696 446L400 146C388 133 375 125 354 125 338 125 325 129 313 142 300 154 292 171 292 187 292 204 296 221 308 233L563 492 304 771C292 783 288 800 288 817 288 833 296 850 308 863 321 871 338 875 354 875 371 875 388 867 400 854L696 533Z\"><\/path><\/svg>\t\t\t\t\t<\/div>\n\t\t\t\t\n\t\t\t\t\t\t\t\t\t<div class=\"swiper-pagination\"><\/div>\n\t\t\t\t\t\t\t\t\t<\/div>\n\t\t\t\t\t\t<\/div>\n\t\t\t\t\t<\/div>\n\t\t\t\t<\/div>\n\t\t\t\t<\/div>\n\t\t","protected":false},"excerpt":{"rendered":"<p>Busz vontat\u00e1s \u2013 Gyors \u00e9s szakszer\u0171 seg\u00edts\u00e9g C\u00e9g\u00fcnk professzion\u00e1lis buszvontat\u00e1si szolg\u00e1ltat\u00e1st k\u00edn\u00e1l. Aut\u00f3buszok sz\u00e1ll\u00edt\u00e1s\u00e1ra \u00e9s vontat\u00e1s\u00e1ra kialak\u00edtott teheraut\u00f3inkkal v\u00e1llaljuk meghib\u00e1sodott, s\u00e9r\u00fclt vagy \u00fczemk\u00e9ptelen buszok biztons\u00e1gos elsz\u00e1ll\u00edt\u00e1s\u00e1t. Tapasztalt csapatunk tiszt\u00e1ban van az aut\u00f3buszok speci\u00e1lis m\u0171szaki saj\u00e1toss\u00e1gaival, ez\u00e9rt minden esetben a megfelel\u0151 r\u00f6gz\u00edt\u00e9si \u00e9s vontat\u00e1si technol\u00f3gi\u00e1t alkalmazzuk. Legyen sz\u00f3 m\u0171szaki meghib\u00e1sod\u00e1sr\u00f3l, telephelyek k\u00f6z\u00f6tti sz\u00e1ll\u00edt\u00e1sr\u00f3l vagy ak\u00e1r hosszabb [&hellip;]<\/p>\n","protected":false},"author":1,"featured_media":0,"parent":0,"menu_order":0,"comment_status":"closed","ping_status":"closed","template":"template-fullwidth.php","meta":{"footnotes":""},"class_list":["post-380","page","type-page","status-publish","hentry"],"_links":{"self":[{"href":"http:\/\/ikarusalkatresz.hu\/index.php?rest_route=\/wp\/v2\/pages\/380","targetHints":{"allow":["GET"]}}],"collection":[{"href":"http:\/\/ikarusalkatresz.hu\/index.php?rest_route=\/wp\/v2\/pages"}],"about":[{"href":"http:\/\/ikarusalkatresz.hu\/index.php?rest_route=\/wp\/v2\/types\/page"}],"author":[{"embeddable":true,"href":"http:\/\/ikarusalkatresz.hu\/index.php?rest_route=\/wp\/v2\/users\/1"}],"replies":[{"embeddable":true,"href":"http:\/\/ikarusalkatresz.hu\/index.php?rest_route=%2Fwp%2Fv2%2Fcomments&post=380"}],"version-history":[{"count":34,"href":"http:\/\/ikarusalkatresz.hu\/index.php?rest_route=\/wp\/v2\/pages\/380\/revisions"}],"predecessor-version":[{"id":860,"href":"http:\/\/ikarusalkatresz.hu\/index.php?rest_route=\/wp\/v2\/pages\/380\/revisions\/860"}],"wp:attachment":[{"href":"http:\/\/ikarusalkatresz.hu\/index.php?rest_route=%2Fwp%2Fv2%2Fmedia&parent=380"}],"curies":[{"name":"wp","href":"https:\/\/api.w.org\/{rel}","templated":true}]}}