{"id":163,"date":"2026-03-04T08:06:19","date_gmt":"2026-03-04T08:06:19","guid":{"rendered":"http:\/\/ikarusalkatresz.hu\/?page_id=163"},"modified":"2026-03-06T13:39:57","modified_gmt":"2026-03-06T13:39:57","slug":"elerhetosegek","status":"publish","type":"page","link":"http:\/\/ikarusalkatresz.hu\/?page_id=163","title":{"rendered":"El\u00e9rhet\u0151s\u00e9gek"},"content":{"rendered":"\t\t<div data-elementor-type=\"wp-page\" data-elementor-id=\"163\" class=\"elementor elementor-163\">\n\t\t\t\t<div class=\"elementor-element elementor-element-e79171c e-flex e-con-boxed e-con e-parent\" data-id=\"e79171c\" data-element_type=\"container\" data-e-type=\"container\">\n\t\t\t\t\t<div class=\"e-con-inner\">\n\t\t\t\t<div class=\"elementor-element elementor-element-1f67646 elementor-widget elementor-widget-text-editor\" data-id=\"1f67646\" data-element_type=\"widget\" data-e-type=\"widget\" data-widget_type=\"text-editor.default\">\n\t\t\t\t\t\t\t\t\t<p>Tel.: +36 20 937 6268<br \/>E-mail: ikarusalkatresz@gmail.com<br \/>C\u00edm: 2045 T\u00f6r\u00f6kb\u00e1lint, D\u00f3zsa Gy\u00f6rgy \u00fat 105, MM Ipari Park<\/p>\t\t\t\t\t\t\t\t<\/div>\n\t\t\t\t\t<\/div>\n\t\t\t\t<\/div>\n\t\t<div class=\"elementor-element elementor-element-3a87b0d e-flex e-con-boxed e-con e-parent\" data-id=\"3a87b0d\" data-element_type=\"container\" data-e-type=\"container\">\n\t\t\t\t\t<div class=\"e-con-inner\">\n\t\t\t\t<div class=\"elementor-element elementor-element-e75f7cd elementor-widget elementor-widget-google_maps\" data-id=\"e75f7cd\" data-element_type=\"widget\" data-e-type=\"widget\" data-widget_type=\"google_maps.default\">\n\t\t\t\t\t\t\t<div class=\"elementor-custom-embed\">\n\t\t\t<iframe loading=\"lazy\"\n\t\t\t\t\tsrc=\"https:\/\/maps.google.com\/maps?q=Big-Boy%20Metal%20Kft.&#038;t=m&#038;z=10&#038;output=embed&#038;iwloc=near\"\n\t\t\t\t\ttitle=\"Big-Boy Metal Kft.\"\n\t\t\t\t\taria-label=\"Big-Boy Metal Kft.\"\n\t\t\t><\/iframe>\n\t\t<\/div>\n\t\t\t\t\t\t<\/div>\n\t\t\t\t\t<\/div>\n\t\t\t\t<\/div>\n\t\t\t\t<\/div>\n\t\t","protected":false},"excerpt":{"rendered":"<p>Tel.: +36 20 937 6268E-mail: ikarusalkatresz@gmail.comC\u00edm: 2045 T\u00f6r\u00f6kb\u00e1lint, D\u00f3zsa Gy\u00f6rgy \u00fat 105, MM Ipari Park<\/p>\n","protected":false},"author":1,"featured_media":0,"parent":0,"menu_order":0,"comment_status":"closed","ping_status":"closed","template":"template-fullwidth.php","meta":{"footnotes":""},"class_list":["post-163","page","type-page","status-publish","hentry"],"_links":{"self":[{"href":"http:\/\/ikarusalkatresz.hu\/index.php?rest_route=\/wp\/v2\/pages\/163","targetHints":{"allow":["GET"]}}],"collection":[{"href":"http:\/\/ikarusalkatresz.hu\/index.php?rest_route=\/wp\/v2\/pages"}],"about":[{"href":"http:\/\/ikarusalkatresz.hu\/index.php?rest_route=\/wp\/v2\/types\/page"}],"author":[{"embeddable":true,"href":"http:\/\/ikarusalkatresz.hu\/index.php?rest_route=\/wp\/v2\/users\/1"}],"replies":[{"embeddable":true,"href":"http:\/\/ikarusalkatresz.hu\/index.php?rest_route=%2Fwp%2Fv2%2Fcomments&post=163"}],"version-history":[{"count":14,"href":"http:\/\/ikarusalkatresz.hu\/index.php?rest_route=\/wp\/v2\/pages\/163\/revisions"}],"predecessor-version":[{"id":354,"href":"http:\/\/ikarusalkatresz.hu\/index.php?rest_route=\/wp\/v2\/pages\/163\/revisions\/354"}],"wp:attachment":[{"href":"http:\/\/ikarusalkatresz.hu\/index.php?rest_route=%2Fwp%2Fv2%2Fmedia&parent=163"}],"curies":[{"name":"wp","href":"https:\/\/api.w.org\/{rel}","templated":true}]}}